{"id":606,"date":"2021-09-22T21:08:20","date_gmt":"2021-09-22T19:08:20","guid":{"rendered":"https:\/\/beauteomar.com\/?page_id=606"},"modified":"2022-10-05T10:04:26","modified_gmt":"2022-10-05T08:04:26","slug":"about-beaute-omar","status":"publish","type":"page","link":"https:\/\/beauteomar.com\/en\/about-beaute-omar\/","title":{"rendered":"BEAUT\u00c9 OMAR Story"},"content":{"rendered":"\n<h1>Die Geschichte hinter dem Doctorbrand BEAUT\u00c9 OMAR<\/h1>\n<div class=\"row\"  id=\"row-1928171140\">\n\n\n\t<div id=\"col-357926212\" class=\"col medium-8 small-12 large-8\"  >\n\t\t\t\t<div class=\"col-inner\"  >\n\t\t\t\n\t\t\t\n\n<p><em>\u201eDie Haut ist Spiegel Deines Lebens, eine f\u00fchlbar angenehme Haut, ist wichtig f\u00fcr Dein positives Lebensgef\u00fchl\u201c<\/em><\/p>\n<h2>Die Gr\u00fcnderin: Dr. Mariam Omar<\/h2>\n<p>Dr. Mariam Omar ist eine <strong>deutsche Fach\u00e4rztin f\u00fcr Plastische und \u00c4sthetische Chirurgie<\/strong>.<\/p>\n<p>Sie hat Ihre \u00e4rztliche Weiterbildung in Deutschland und im Ausland u. a. in S\u00fcdafrika und England absolviert. W\u00e4hren dieser Zeit hat sie <strong>schwere Verletzungen der K\u00f6rperoberfl\u00e4che<\/strong> behandelt, als auch schwerstverbrannte Kinder und Erwachsene operiert. Nach Ihrer Facharztausbildung hat sie sich auf die \u00c4sthetische Chirurgie wie das Mommy Makeover und die Gesichtschirurgie spezialisiert. Die minimal-invasiven Therapien der \u00e4sthetischen Medizin geh\u00f6ren ebenfalls zu ihrem Portfolio. Seit 2014 betreibt Sie Ihre <a href=\"https:\/\/mariam-omar.de\" rel=\"nofollow noopener\" target=\"_blank\">Privatklinik f\u00fcr Plastische und \u00c4sthetische Chirurgie<\/a> im Herzen von Berlin.<\/p>\n<h2>Der Wunsch: Hautpflege f\u00fcr die strapazierte Haut nach Operationen<\/h2>\n<p>Die Vergangenheit hat Dr. Mariam Omar mit den zwischenmenschlichen und medizinischen Erfahrungen gepr\u00e4gt. Auf dieser Grundlage war der Wunsch in ihr gewachsen, <strong>Patient:innen nach den \u00fcberstandenen Operationen oder Therapieverfahren, eine optimale Hautpflege anzubieten<\/strong>. Diese soll deren <strong>Heilungs- und Regenerationsphase angenehm und wohltuend unterst\u00fctzen<\/strong>.<\/p>\n<p>Die strapazierte Haut und die medizinisch vorbehandelte Haut haben Gemeinsamkeiten. Sie sind oft von trockenen, nicht selten schuppenden Stellen versehen. Die R\u00f6tungen und der Juckreiz der Haut sind weitere Merkmale ebenso wie blaue Flecken. Im Hinblick auf diese Symptome wurden die Produkte von Beaut\u00e9 Omar entwickelt, um den Patient:innen ein <strong>angenehmes Hautgef\u00fchl<\/strong> in dieser Phase zu schenken.<\/p>\n<h4>Die Entwicklung: Nature meets Science<\/h4>\n<p>Die Idee war geboren, aber bis hin zu der Vollendung der Pflegeserie <strong>Seria Cutaneous<\/strong>, hatte es noch Jahre an Entwicklung gebraucht. Hierbei war der Leitsatz \u201eNature meets Science\u201c. Das bedeutet, es wurden <strong>nat\u00fcrliche Inhaltsstoffe<\/strong> in allen Produkten verwendet. Die Pflegeeigenschaften der Kosmetika wurden optimiert mit dem Zusatz von <strong>hochwertigen Inhaltsstoffen<\/strong>, die in <strong>modernen biotechnologischen Verfahren hergestellt<\/strong> wurden.<\/p>\n<p>Einer der bekanntesten Entwickler von innovativer Naturkosmetik hatte seine wissenschaftliche Expertise mit seiner fachlichen Kompetenz im regen Austausch mit Dr. Omar eingesetzt, um diese qualitativ wertvolle Kosmetikfamilie mit ihr zu entwickeln.<\/p>\n<h4>Das Resultat: Naturkosmetik mit vertr\u00e4glichen Inhaltsstoffen<\/h4>\n<p><strong>Das Ergebnis sind Wirkkosmetika, die sich f\u00fcr die Pflege der Haut nach medizinischen Eingriffen als auch f\u00fcr sensible und strapazierte Haut eignen.<\/strong><\/p>\n<p>Frau Dr. Omar legte viel Wert darauf, dass <strong>kein Mikroplastik, keine Parabene und keine hautreizenden Inhaltsstoffe<\/strong> verwendet werden.<\/p>\n<p>Es wurde auf austrocknende Konservierungsstoffe verzichtet und ein mildes Konservierungsmittelsystem, das Pentylenglycol verwendet. Dies hat sogar eine <strong>feuchtigkeitsspendende Eigenschaft<\/strong>.<\/p>\n<h4>Das Pflegeerlebnis:<\/h4>\n<p>Der angenehme und dezente Duft von Orange-Kamille in den Cremes basiert auf einem allergenfreien Parfum. Um Entz\u00fcndungen zu vermeiden, beinhalten die Produkte <strong>reines Wasser<\/strong>, das sonst in der Medizin verwendet wird. Unter Verwendung der Airless Pumpspender k\u00f6nnen somit die Produkte auf die frisch behandelte Haut aufgetragen werden. Viele weitere nat\u00fcrliche Inhaltsstoffe kamen zum Einsatz wie z. B. <strong>Kokos\u00f6l<\/strong> und <strong>Ingwer<\/strong> sowie hochwertige synthetische Inhaltsstoffe, wie <strong>Peptide<\/strong> die \u00e4hnlich wie Wachstumsfaktoren wirken k\u00f6nnen. <strong>Reines Kollagen und Hyalurons\u00e4ure in Pharma-Qualit\u00e4t <\/strong>sind zus\u00e4tzlich in den Produkten enthalten. Sie machen die Seria Cutaneous zu einer Wirkkosmetik auf Premium Pflege Niveau.<\/p>\n<h4>Entstanden sind:<\/h4>\n<ul>\n<li>ein Duschgel, das Deep Cleansing Body Wash,<\/li>\n<li>eine Gesichtscreme, die Surgi Boost Face Cream,<\/li>\n<li>eine K\u00f6rpercreme, die Surgi Boost Advanced Body Cream<\/li>\n<li>und eine Narbencreme, die Scar Rescue Cream.<\/li>\n<\/ul>\n<p>Alle Produkte k\u00f6nnen miteinander kombiniert werden und bauen in der Entwicklung der Haut aufeinander auf. Alle vier gemeinsam sind sie als Beauty Bundle erh\u00e4ltlich.<\/p>\n<p>Freue Dich auf ein einzigartiges Pflegerlebnis!<\/p>\n\n\t\t<\/div>\n\t\t\t\t\t<\/div>\n\n\t\n\n\t<div id=\"col-811461884\" class=\"col medium-4 small-12 large-4\"  >\n\t\t\t\t<div class=\"col-inner\"  >\n\t\t\t\n\t\t\t\n\n\t<div class=\"img has-hover x md-x lg-x y md-y lg-y\" id=\"image_1677309582\">\n\t\t\t\t\t\t\t\t<div class=\"img-inner dark\" >\n\t\t\t<img decoding=\"async\" width=\"533\" height=\"800\" src=\"https:\/\/beauteomar.com\/wp-content\/uploads\/dr-mariam-omar2-533x800.jpg\" class=\"attachment-large size-large\" alt=\"Dr. Mariam Omar\" srcset=\"https:\/\/beauteomar.com\/wp-content\/uploads\/dr-mariam-omar2-533x800.jpg 533w, https:\/\/beauteomar.com\/wp-content\/uploads\/dr-mariam-omar2-267x400.jpg 267w, https:\/\/beauteomar.com\/wp-content\/uploads\/dr-mariam-omar2-133x200.jpg 133w, https:\/\/beauteomar.com\/wp-content\/uploads\/dr-mariam-omar2-768x1152.jpg 768w, https:\/\/beauteomar.com\/wp-content\/uploads\/dr-mariam-omar2-1024x1536.jpg 1024w, https:\/\/beauteomar.com\/wp-content\/uploads\/dr-mariam-omar2-67x100.jpg 67w, https:\/\/beauteomar.com\/wp-content\/uploads\/dr-mariam-omar2-280x420.jpg 280w, https:\/\/beauteomar.com\/wp-content\/uploads\/dr-mariam-omar2-510x765.jpg 510w, https:\/\/beauteomar.com\/wp-content\/uploads\/dr-mariam-omar2.jpg 1200w\" sizes=\"(max-width: 533px) 100vw, 533px\" \/>\t\t\t\t\t\t\n\t\t\t\t\t<\/div>\n\t\t\t\t\t\t\t\t\n<style>\n#image_1677309582 {\n  width: 100%;\n}\n<\/style>\n\t<\/div>\n\t\n\n\n\t\t<\/div>\n\t\t\t\t\t<\/div>\n\n\t\n\n<\/div>\n<div class=\"social-icons share-icons share-row relative icon-style-outline\" ><span class=\"share-icons-title\"><b>Teile die Beaut\u00e9 Omar Story<\/b><\/span><a href=\"whatsapp:\/\/send?text=BEAUT%C3%89%20OMAR%20Story - https:\/\/beauteomar.com\/en\/about-beaute-omar\/\" data-action=\"share\/whatsapp\/share\" class=\"icon button circle is-outline tooltip whatsapp show-for-medium\" title=\"Share on WhatsApp\" aria-label=\"Share on WhatsApp\"><i class=\"icon-whatsapp\" aria-hidden=\"true\"><\/i><\/a><a href=\"https:\/\/www.facebook.com\/sharer.php?u=https:\/\/beauteomar.com\/en\/about-beaute-omar\/\" data-label=\"Facebook\" onclick=\"window.open(this.href,this.title,&#039;width=500,height=500,top=300px,left=300px&#039;); return false;\" target=\"_blank\" class=\"icon button circle is-outline tooltip facebook\" title=\"Share on Facebook\" aria-label=\"Share on Facebook\" rel=\"noopener nofollow\"><i class=\"icon-facebook\" aria-hidden=\"true\"><\/i><\/a><a href=\"https:\/\/twitter.com\/share?url=https:\/\/beauteomar.com\/en\/about-beaute-omar\/\" onclick=\"window.open(this.href,this.title,&#039;width=500,height=500,top=300px,left=300px&#039;); return false;\" target=\"_blank\" class=\"icon button circle is-outline tooltip twitter\" title=\"Share on Twitter\" aria-label=\"Share on Twitter\" rel=\"noopener nofollow\"><i class=\"icon-twitter\" aria-hidden=\"true\"><\/i><\/a><a href=\"mailto:?subject=BEAUT%C3%89%20OMAR%20Story&body=Check%20this%20out%3A%20https%3A%2F%2Fbeauteomar.com%2Fen%2Fabout-beaute-omar%2F\" class=\"icon button circle is-outline tooltip email\" title=\"Email to a Friend\" aria-label=\"Email to a Friend\" rel=\"nofollow\"><i class=\"icon-envelop\" aria-hidden=\"true\"><\/i><\/a><a href=\"https:\/\/pinterest.com\/pin\/create\/button?url=https:\/\/beauteomar.com\/en\/about-beaute-omar\/&amp;media=https:\/\/beauteomar.com\/wp-content\/uploads\/dr-mariam-omar2-533x800.jpg&amp;description=BEAUT%C3%89%20OMAR%20Story\" onclick=\"window.open(this.href,this.title,&#039;width=500,height=500,top=300px,left=300px&#039;); return false;\" target=\"_blank\" class=\"icon button circle is-outline tooltip pinterest\" title=\"Pin on Pinterest\" aria-label=\"Pin on Pinterest\" rel=\"noopener nofollow\"><i class=\"icon-pinterest\" aria-hidden=\"true\"><\/i><\/a><a href=\"https:\/\/www.linkedin.com\/shareArticle?mini=true&amp;url=https:\/\/beauteomar.com\/en\/about-beaute-omar\/&amp;title=BEAUT%C3%89%20OMAR%20Story\" onclick=\"window.open(this.href,this.title,&#039;width=500,height=500,top=300px,left=300px&#039;); return false;\" target=\"_blank\" class=\"icon button circle is-outline tooltip linkedin\" title=\"Share on LinkedIn\" aria-label=\"Share on LinkedIn\" rel=\"noopener nofollow\"><i class=\"icon-linkedin\" aria-hidden=\"true\"><\/i><\/a><\/div>\n\n\n","protected":false},"excerpt":{"rendered":"","protected":false},"author":1,"featured_media":1971,"parent":0,"menu_order":0,"comment_status":"closed","ping_status":"closed","template":"","meta":{"_acf_changed":false,"footnotes":""},"class_list":["post-606","page","type-page","status-publish","has-post-thumbnail","hentry"],"acf":[],"_links":{"self":[{"href":"https:\/\/beauteomar.com\/en\/wp-json\/wp\/v2\/pages\/606","targetHints":{"allow":["GET"]}}],"collection":[{"href":"https:\/\/beauteomar.com\/en\/wp-json\/wp\/v2\/pages"}],"about":[{"href":"https:\/\/beauteomar.com\/en\/wp-json\/wp\/v2\/types\/page"}],"author":[{"embeddable":true,"href":"https:\/\/beauteomar.com\/en\/wp-json\/wp\/v2\/users\/1"}],"replies":[{"embeddable":true,"href":"https:\/\/beauteomar.com\/en\/wp-json\/wp\/v2\/comments?post=606"}],"version-history":[{"count":5,"href":"https:\/\/beauteomar.com\/en\/wp-json\/wp\/v2\/pages\/606\/revisions"}],"predecessor-version":[{"id":3321,"href":"https:\/\/beauteomar.com\/en\/wp-json\/wp\/v2\/pages\/606\/revisions\/3321"}],"wp:featuredmedia":[{"embeddable":true,"href":"https:\/\/beauteomar.com\/en\/wp-json\/wp\/v2\/media\/1971"}],"wp:attachment":[{"href":"https:\/\/beauteomar.com\/en\/wp-json\/wp\/v2\/media?parent=606"}],"curies":[{"name":"wp","href":"https:\/\/api.w.org\/{rel}","templated":true}]}}